{"id":3442,"date":"2020-10-31T12:11:52","date_gmt":"2020-10-31T11:11:52","guid":{"rendered":"http:\/\/estp-lunel.fr\/wp\/?page_id=3442"},"modified":"2025-10-10T14:13:40","modified_gmt":"2025-10-10T13:13:40","slug":"cgu","status":"publish","type":"page","link":"https:\/\/estp-lunel.fr\/wp\/cgu\/","title":{"rendered":"Politique de confidentialit\u00e9"},"content":{"rendered":"\n<h1 class=\"wp-block-heading\">Politique de confidentialit\u00e9<\/h1>\n\n\n\n<h2 class=\"wp-block-heading\">Politique de confidentialit\u00e9<\/h2>\n\n\n\n<p>Vous \u00eates en train de visiter le site Internet ESTP-LUNEL.FR, le site officiel de l&rsquo;association Entente Sportive des Tireurs Pescalunes. Les mentions l\u00e9gales qui suivent constituent les Conditions g\u00e9n\u00e9rales d\u2019utilisation (CGU) et s\u2019appliquent \u00e0 tout internaute visitant ce site.<\/p>\n\n\n\n<h2 class=\"wp-block-heading\"><strong class=\"\">Publication<\/strong><\/h2>\n\n\n\n<p>Le site <a class=\"\" href=\"https:\/\/www.fftir.org\/\">https:\/\/www.estp-lunel.fr<\/a> (ci-apr\u00e8s d\u00e9sign\u00e9 le \u00ab\u00a0site\u00a0\u00bb) est \u00e9dit\u00e9 par l&rsquo;Entente Sportive des Tireurs Pescalunes (d\u00e9nomm\u00e9e ci apr\u00e8s, \u00ab\u00a0ESTP\u00a0\u00bb), association loi 1901 dont le si\u00e8ge social est situ\u00e9 \u00e0 la Direction des Sports de ville de Lunel, 451 Avenue Louis M\u00e9dard 34400 Lunel \u2013 T\u00e9l.\u00a0: +33 (6)07 31 28 65 \u2013 SIRET\u00a0: 39333920500022<\/p>\n\n\n\n<p><strong class=\"\">Directeur de la publication&nbsp;:<\/strong>&nbsp;Monsieur le Pr\u00e9sident de l&rsquo;ESTP<\/p>\n\n\n\n<p><strong class=\"\">Adresse email de contact : <\/strong>contact@estp-lunel.fr<\/p>\n\n\n\n<p><strong class=\"\">H\u00e9bergement&nbsp;:<\/strong> OVH<\/p>\n\n\n\n<p><strong class=\"\">Conception et r\u00e9alisation\u00a0:<\/strong> ESTP &#8211; E.UBY<\/p>\n\n\n\n<p><strong class=\"\">D\u00e9veloppement\u00a0:<\/strong> E.UBY sur WordPress th\u00e8me Donovan<\/p>\n\n\n\n<h2 class=\"wp-block-heading\"><strong class=\"\">Informations l\u00e9gales<\/strong><\/h2>\n\n\n\n<p>Le site a \u00e9t\u00e9 cr\u00e9\u00e9 par l&rsquo;ESTP. Les informations regroup\u00e9es dans ce site sont principalement destin\u00e9es \u00e0 une pr\u00e9sentation institutionnelle des activit\u00e9s de l&rsquo;ESTP.<\/p>\n\n\n\n<p>L&rsquo;ESTP se r\u00e9serve le droit de modifier le contenu du site \u00e0 tout moment et sans pr\u00e9avis. L&rsquo;ESTP ne pourra \u00eatre tenu responsable des cons\u00e9quences de telles modifications. De m\u00eame, L&rsquo;ESTP se r\u00e9serve le droit d\u2019interrompre ou de suspendre tout ou partie des fonctionnalit\u00e9s du site \u00e0 tout moment et sans pr\u00e9avis.<\/p>\n\n\n\n<p>L\u2019acc\u00e8s et l\u2019utilisation de ce site sont soumis aux conditions suivantes ainsi qu\u2019aux dispositions l\u00e9gales en vigueur. En acc\u00e9dant au site, vous acceptez, sans limitation ni r\u00e9serve, ces conditions.<\/p>\n\n\n\n<h2 class=\"wp-block-heading\"><strong class=\"\">Informations figurant sur le site<\/strong><\/h2>\n\n\n\n<p>L&rsquo;ESTP fournit ces informations \u00e0 des fins purement informatives.<\/p>\n\n\n\n<p>L&rsquo;ESTP n\u2019est tenue qu\u2019\u00e0 une obligation de moyens en ce qui concerne le fonctionnement et la continuit\u00e9 du site.<\/p>\n\n\n\n<p>L&rsquo;ESTP d\u00e9cline toute responsabilit\u00e9 pour tout dommage r\u00e9sultant notamment d\u2019une impr\u00e9cision ou inexactitude des informations disponibles sur le site ou pour toute atteinte r\u00e9sultant d\u2019une intrusion frauduleuse d\u2019un tiers sur le site avec l\u2019intention de nuire aux int\u00e9r\u00eats ou \u00e0 l\u2019image de L&rsquo;ESTP notamment en d\u00e9naturant les informations r\u00e9pertori\u00e9es sur le site.<\/p>\n\n\n\n<p>La responsabilit\u00e9 de L&rsquo;ESTP ne saurait \u00eatre retenue pour tout dommage incluant l\u2019infection par des virus, la perte de donn\u00e9es ou de programmes, la perte d\u2019utilisation de votre \u00e9quipement informatique suite \u00e0 la visite ou l\u2019utilisation du site.<\/p>\n\n\n\n<h2 class=\"wp-block-heading\"><strong class=\"\">Propri\u00e9t\u00e9 intellectuelle<\/strong><\/h2>\n\n\n\n<p>En application de la loi du 11 mars 1957 (art. 41) et du code de la propri\u00e9t\u00e9 intellectuelle du 1er juillet 1992, Toute copie, reproduction, repr\u00e9sentation, adaptation, diffusion, int\u00e9grale ou partielle, du contenu du site estp-lunel.fr, par quelque proc\u00e9d\u00e9 que ce soit, est illicite \u00e0 l&rsquo;exception d&rsquo;une unique copie r\u00e9serv\u00e9e \u00e0 l&rsquo;usage exclusivement priv\u00e9 du copiste.<br>Cependant, toute utilisation sous forme de reproduction, modification, chargement informatique, transmission ou distribution partielle ou int\u00e9grale d\u2019un document ou d\u2019une information figurant sur le site est autoris\u00e9e sous r\u00e9serve du respect des droits de propri\u00e9t\u00e9 intellectuelle et de tout autre droit de propri\u00e9t\u00e9 dont il est fait mention.<br><br>Toute cession ou licence d\u2019un des \u00e9l\u00e9ments constitutifs du site est soumise \u00e0 l\u2019autorisation pr\u00e9alable et \u00e9crite de L&rsquo;ESTP, tout contrevenant s\u2019exposant \u00e0 des poursuites judiciaires. De plus, tout contrevenant accepte de garantir et d\u2019indemniser L&rsquo;ESTP pour toutes poursuites et d\u00e9penses engag\u00e9es par L&rsquo;ESTP suite \u00e0 l\u2019utilisation du site en infraction avec les pr\u00e9sentes mentions l\u00e9gales.<\/p>\n\n\n\n<p>La mention suivante devra figurer sur toute copie de tout ou partie de contenu du site&nbsp;: \u00ab&nbsp;\u00a9 ESTP Lunel, tous droits r\u00e9serv\u00e9s&nbsp;\u00bb.<br><br>Les photos, logos, visuels et marques pr\u00e9sents sur ce site restent la propri\u00e9t\u00e9 de leur d\u00e9tenteur respectif qui peuvent en demander le retrait par simple envoi de courrier electronique.<\/p>\n\n\n\n<p><strong class=\"\">Liens vers d\u2019autres sites<\/strong><\/p>\n\n\n\n<p>Afin de faciliter l\u2019acc\u00e8s \u00e0 d\u2019autres sites susceptibles d\u2019apporter un compl\u00e9ment d\u2019information, L&rsquo;ESTP a ins\u00e9r\u00e9 dans son site un certain nombre de liens. N\u00e9anmoins, la responsabilit\u00e9 de L&rsquo;ESTP ne saurait \u00eatre engag\u00e9e au titre d\u2019un site tiers auquel vous auriez acc\u00e8s via son site. L&rsquo;ESTP n\u2019est pas responsable de l\u2019indisponibilit\u00e9 des sites et de leur contenu.<\/p>\n\n\n\n<p>Des sites externes peuvent contenir des liens hypertextes pointant vers notre site.<\/p>\n\n\n\n<p>Toute cr\u00e9ation de lien hypertexte vers toute(s) page(s) du site est soumise \u00e0 l\u2019accord pr\u00e9alable et \u00e9crit de L&rsquo;ESTP.<\/p>\n\n\n\n<h2 class=\"wp-block-heading\"><strong class=\"\">Dispositions juridictionnelles<\/strong><\/h2>\n\n\n\n<p>Le site et son contenu sont cr\u00e9\u00e9s conform\u00e9ment aux r\u00e8gles applicables en France.<\/p>\n\n\n\n<h2 class=\"wp-block-heading\"><strong class=\"\">Informatique et libert\u00e9s\/protection des donn\u00e9es personnelles<\/strong><\/h2>\n\n\n\n<p>En France et dans l\u2019Union europ\u00e9enne, les donn\u00e9es personnelles sont prot\u00e9g\u00e9es notamment par les textes suivants&nbsp;: loi du 6 janvier 1978, article 226-13 du Code p\u00e9nal, directive europ\u00e9enne du 24 octobre 1995 et R\u00e8glement g\u00e9n\u00e9ral sur la protection des donn\u00e9es (RGPD).<\/p>\n\n\n\n<p>Vous pouvez trouver la loi relative \u00e0 l\u2019informatique, aux fichiers et aux libert\u00e9s sur le site de la Commission Nationale de l\u2019Informatique et des Libert\u00e9s (CNIL), \u00e0 l\u2019adresse suivante&nbsp;: <a class=\"\" href=\"https:\/\/www.cnil.fr\/\" target=\"_blank\" rel=\"noreferrer noopener\">https:\/\/www.cnil.fr<\/a>.<\/p>\n\n\n\n<p>Conform\u00e9ment \u00e0 la loi informatique et libert\u00e9s du 6 janvier 1978, ce site a fait l\u2019objet d\u2019une d\u00e9claration de traitements automatis\u00e9s d\u2019informations nominatives aupr\u00e8s de la CNIL.<\/p>\n\n\n\n<p>Le RGPD \u00e9tablit des r\u00e8gles relatives \u00e0 la protection des personnes physiques \u00e0 l\u2019\u00e9gard du traitement des donn\u00e9es \u00e0 caract\u00e8re personnel et des r\u00e8gles relatives \u00e0 la libre circulation de ces donn\u00e9es. Il prot\u00e8ge les libert\u00e9s et droits fondamentaux des personnes physiques, et en particulier leur droit \u00e0 la protection des donn\u00e9es \u00e0 caract\u00e8re personnel. La libre circulation des donn\u00e9es \u00e0 caract\u00e8re personnel au sein de l\u2019Union europ\u00e9enne n\u2019est ni limit\u00e9e ni interdite pour des motifs li\u00e9s \u00e0 la protection des personnes physiques \u00e0 l\u2019\u00e9gard du traitement des donn\u00e9es \u00e0 caract\u00e8re personnel.<\/p>\n\n\n\n<p>L&rsquo;ESTP porte une attention particuli\u00e8re au respect et \u00e0 la mise en conformit\u00e9 du RGPD et veille \u00e0 ce que les utilisateurs puissent facilement \u00eates inform\u00e9s sur le sujet \u00e0 travers ses diff\u00e9rents supports de communication.<\/p>\n\n\n\n<p>Le RGPD peut \u00eatre librement consult\u00e9 \u00e0 l\u2019adresse suivante&nbsp;: <a class=\"\" rel=\"noreferrer noopener\" href=\"https:\/\/eur-lex.europa.eu\/\" target=\"_blank\">https:\/\/eur-lex.europa.eu<\/a>.<\/p>\n\n\n\n<p>L&rsquo;ESTP s\u2019engage \u00e0 respecter le caract\u00e8re confidentiel des \u00e9ventuelles informations personnelles fournies par les visiteurs du site.<\/p>\n\n\n\n<p>Vous trouverez ci-apr\u00e8s le type d\u2019informations que L&rsquo;ESTP est en mesure de recueillir lorsque vous visitez son site, ainsi que la mani\u00e8re dont elles seront utilis\u00e9es ult\u00e9rieurement.<\/p>\n\n\n\n<h2 class=\"wp-block-heading\"><strong class=\"\">Collecte passive des donn\u00e9es personnelles<\/strong><\/h2>\n\n\n\n<p>Certaines des donn\u00e9es personnelles enregistr\u00e9es sur notre serveur sont celles que vous fournissez volontairement lorsque vous remplissez des formulaires en ligne, les autres \u00e9tant recueillies automatiquement.<\/p>\n\n\n\n<p>Pendant votre visite, les donn\u00e9es suivantes sont recueillies automatiquement&nbsp;:<\/p>\n\n\n\n<ul class=\"wp-block-list\">\n<li>votre adresse IP,<\/li>\n\n\n\n<li>le site internet depuis lequel vous vous \u00eates rendu sur le site,<\/li>\n\n\n\n<li>la date et l\u2019heure de votre visite sur le site et les pages que vous avez consult\u00e9es,<\/li>\n\n\n\n<li>le syst\u00e8me d\u2019exploitation de votre ordinateur et le logiciel de navigation,<\/li>\n\n\n\n<li>certains services du site font usage d\u2019un cookie permettant de vous reconna\u00eetre \u00e0 chaque visite.<\/li>\n<\/ul>\n\n\n\n<h2 class=\"wp-block-heading\"><strong class=\"\">Cookies<\/strong><\/h2>\n\n\n\n<p><strong>Qu\u2019est-ce qu\u2019un cookie&nbsp;?<\/strong><\/p>\n\n\n\n<p>Un cookie est un fichier que nous pouvons \u00eatre amen\u00e9s \u00e0 enregistrer sur le disque dur de votre terminal (ordinateur, tablette, smartphone, etc.) par le biais de votre navigateur Internet lorsque vous utilisez le site, sous r\u00e9serve de votre accord ou sauf opposition de votre part.<\/p>\n\n\n\n<p><strong>\u00c0 quoi servent les cookies \u00e9mis sur le site&nbsp;?<\/strong><\/p>\n\n\n\n<p>Lorsque vous vous connectez et utilisez le site, nous pouvons \u00eatre amen\u00e9s, sous r\u00e9serve de vos choix, \u00e0 installer divers cookies dans votre terminal nous permettant de reconna\u00eetre le navigateur utilis\u00e9 pendant la dur\u00e9e de validit\u00e9 du cookie concern\u00e9. Les cookies sont utilis\u00e9s aux fins d\u00e9crites ci-dessous, sous r\u00e9serve de vos choix que vous pouvez exprimer et modifier \u00e0 tout moment via les param\u00e8tres du logiciel de navigation utilis\u00e9 lors de votre navigation sur le site.<\/p>\n\n\n\n<p><strong>Les cookies \u00e9mis sur le site permettent&nbsp;:<\/strong><\/p>\n\n\n\n<ul class=\"wp-block-list\">\n<li>d\u2019adapter la pr\u00e9sentation du site aux pr\u00e9f\u00e9rences d\u2019affichage de votre terminal (langue utilis\u00e9e, r\u00e9solution d\u2019affichage, syst\u00e8me d\u2019exploitation utilis\u00e9, etc.) lors de votre utilisation du site, selon les mat\u00e9riels et logiciels de visualisation ou de lecture que votre terminal comporte,<\/li>\n\n\n\n<li>d\u2019\u00e9tablir des statistiques et mesures de fr\u00e9quentation et d\u2019utilisation des divers \u00e9l\u00e9ments composant le site (rubriques et contenus visit\u00e9s, parcours, etc.), nous permettant d\u2019am\u00e9liorer l\u2019int\u00e9r\u00eat et l\u2019ergonomie du site,<\/li>\n\n\n\n<li>de m\u00e9moriser des informations relatives \u00e0 un formulaire que vous avez rempli lors de l\u2019utilisation du site (inscription ou acc\u00e8s \u00e0 un compte),<\/li>\n\n\n\n<li>d\u2019adapter les contenus informationnels du site en fonction de vos int\u00e9r\u00eats suppos\u00e9s, d\u00e9clar\u00e9s, ou r\u00e9sultant de votre navigation sur le site, et en fonction de votre lieu de connexion au site (pays).<\/li>\n<\/ul>\n\n\n\n<p>Il vous appartient de param\u00e9trer votre navigateur afin de g\u00e9rer l\u2019\u00e9mission de ces cookies (voir la rubrique \u00ab&nbsp;Vos choix concernant les cookies&nbsp;\u00bb ci-dessous).<\/p>\n\n\n\n<p>Les cookies \u00e9mis sur le site sont des cookies de session (dont la dur\u00e9e est limit\u00e9e au temps d\u2019une connexion au site) et des cookies persistants (dont la dur\u00e9e, toutefois limit\u00e9e, est sup\u00e9rieure \u00e0 la dur\u00e9e d\u2019une connexion).<\/p>\n\n\n\n<p>Les cookies de session ne sont actifs que le temps de votre visite et sont supprim\u00e9s lorsque vous fermez votre navigateur. Les cookies persistants restent enregistr\u00e9s sur le disque dur de votre terminal une fois votre navigateur ferm\u00e9 jusqu\u2019\u00e0 ce que vous-m\u00eames ou votre logiciel de navigation les purge apr\u00e8s un certain d\u00e9lai ou \u00e0 tout moment.<\/p>\n\n\n\n<p><strong>Vos choix concernant les cookies&nbsp;:<\/strong><\/p>\n\n\n\n<p>Plusieurs possibilit\u00e9s vous sont offertes pour g\u00e9rer les cookies. Tout param\u00e9trage que vous pouvez entreprendre sera susceptible de modifier votre navigation sur Internet et vos conditions d\u2019acc\u00e8s \u00e0 certains services n\u00e9cessitant l\u2019utilisation de cookies.<\/p>\n\n\n\n<p>Vous pouvez configurer votre logiciel de navigation de mani\u00e8re \u00e0 ce que les cookies soient enregistr\u00e9s dans votre terminal ou, au contraire, rejet\u00e9s, soit syst\u00e9matiquement, soit selon leur \u00e9metteur. Vous pouvez \u00e9galement configurer votre logiciel de navigation de mani\u00e8re \u00e0 ce que l\u2019acceptation ou le refus des cookies vous soient propos\u00e9s ponctuellement, avant qu\u2019un cookie soit susceptible d\u2019\u00eatre enregistr\u00e9 sur votre terminal.<\/p>\n\n\n\n<p>Nous utilisons notamment des cookies \u00ab&nbsp;techniques&nbsp;\u00bb n\u00e9cessaires au bon fonctionnement du site. Si vous refusez l\u2019enregistrement de cookies dans votre terminal, ou si vous supprimez ceux qui y sont enregistr\u00e9s, vous ne pourrez plus b\u00e9n\u00e9ficier d\u2019un certain nombre de fonctionnalit\u00e9s qui sont n\u00e9anmoins n\u00e9cessaires pour naviguer dans certains espaces du site.<\/p>\n\n\n\n<p>Le cas \u00e9ch\u00e9ant, nous d\u00e9clinons toute responsabilit\u00e9 pour les cons\u00e9quences li\u00e9es au fonctionnement d\u00e9grad\u00e9 du site r\u00e9sultant de l\u2019impossibilit\u00e9 pour nous d\u2019enregistrer ou de consulter les cookies n\u00e9cessaires \u00e0 leur fonctionnement et que vous auriez refus\u00e9s ou supprim\u00e9s.<\/p>\n\n\n\n<h2 class=\"wp-block-heading\"><strong class=\"\">Usage des donn\u00e9es collect\u00e9es<\/strong><\/h2>\n\n\n\n<p>En nous communiquant vos donn\u00e9es personnelles, vous acceptez leur utilisation par le site.<\/p>\n\n\n\n<p>L&rsquo;ESTP n\u2019utilisera les donn\u00e9es recueillies que pour r\u00e9pondre aux demandes des visiteurs. Les donn\u00e9es recueillies ne le sont qu&rsquo;aupr\u00e8s des adh\u00e9rents de l&rsquo;association qui ont donn\u00e9 leur accord tacite en tant que membre.<\/p>\n\n\n\n<p>Les donn\u00e9es personnelles que vous aurez fournies ou r\u00e9sultant de votre navigation sur le site sont r\u00e9serv\u00e9es \u00e0 un usage strictement interne \u00e0 L&rsquo;ESTP. Les donn\u00e9es personnelles ne feront l\u2019objet d\u2019aucune exploitation commerciale et ne seront transmises \u00e0 quiconque \u00e0 des fins commerciales ou de prospection commerciale.<\/p>\n\n\n\n<p>L&rsquo;ESTP se r\u00e9serve le droit de modifier \u00e0 tout moment les r\u00e8gles de fonctionnement du site \u00e9nonc\u00e9es ci-dessus.<\/p>\n\n\n\n<h2 class=\"wp-block-heading\">Droit \u00e0 l&rsquo;image<\/h2>\n\n\n\n<p>Le droit \u00e0 l&rsquo;image permet \u00e0 toute personne de s&rsquo;opposer &#8211; quelle que soit la nature du support utilis\u00e9 &#8211; \u00e0 la reproduction et \u00e0 la diffusion, sans son autorisation expresse, de son image. Dans le cas d&rsquo;images prises dans les lieux publics, seule l&rsquo;autorisation des personnes qui sont isol\u00e9es et reconnaissables est n\u00e9cessaire.<br>Pour autant, lorsque la capture de l&rsquo;image d&rsquo;une personne a \u00e9t\u00e9 accomplie au vu et au su de l&rsquo;int\u00e9ress\u00e9e sans qu&rsquo;elle s&rsquo;y soit oppos\u00e9e alors qu&rsquo;elle \u00e9tait en mesure de le faire, le consentement de celle-ci est pr\u00e9sum\u00e9.<br><em><strong>Cependant, soucieux du respect de la vie priv\u00e9e, l&rsquo;ESTP et ses repr\u00e9sentants vous informent que toute image vous concernant sera imm\u00e9diatement retir\u00e9e du site, sur simple demande de votre part et par tous moyens \u00e0 votre convenance.<\/strong><\/em><\/p>\n","protected":false},"excerpt":{"rendered":"<p>Politique de confidentialit\u00e9 Politique de confidentialit\u00e9 Vous \u00eates en train de visiter le site Internet ESTP-LUNEL.FR, le site officiel de<\/p>\n","protected":false},"author":1,"featured_media":0,"parent":0,"menu_order":0,"comment_status":"closed","ping_status":"closed","template":"","meta":{"footnotes":""},"class_list":["post-3442","page","type-page","status-publish","hentry","comments-off"],"_links":{"self":[{"href":"https:\/\/estp-lunel.fr\/wp\/wp-json\/wp\/v2\/pages\/3442","targetHints":{"allow":["GET"]}}],"collection":[{"href":"https:\/\/estp-lunel.fr\/wp\/wp-json\/wp\/v2\/pages"}],"about":[{"href":"https:\/\/estp-lunel.fr\/wp\/wp-json\/wp\/v2\/types\/page"}],"author":[{"embeddable":true,"href":"https:\/\/estp-lunel.fr\/wp\/wp-json\/wp\/v2\/users\/1"}],"replies":[{"embeddable":true,"href":"https:\/\/estp-lunel.fr\/wp\/wp-json\/wp\/v2\/comments?post=3442"}],"version-history":[{"count":5,"href":"https:\/\/estp-lunel.fr\/wp\/wp-json\/wp\/v2\/pages\/3442\/revisions"}],"predecessor-version":[{"id":4556,"href":"https:\/\/estp-lunel.fr\/wp\/wp-json\/wp\/v2\/pages\/3442\/revisions\/4556"}],"wp:attachment":[{"href":"https:\/\/estp-lunel.fr\/wp\/wp-json\/wp\/v2\/media?parent=3442"}],"curies":[{"name":"wp","href":"https:\/\/api.w.org\/{rel}","templated":true}]}}